{"id":6,"date":"2025-03-03T11:37:21","date_gmt":"2025-03-03T10:37:21","guid":{"rendered":"https:\/\/impulse2u.ch\/?page_id=6"},"modified":"2026-04-01T00:35:16","modified_gmt":"2026-03-31T22:35:16","slug":"datenschutzerklaerung-der-evangelisch-reformierten-kirchgemeinde-zuerich","status":"publish","type":"page","link":"https:\/\/impulse2u.ch\/?page_id=6","title":{"rendered":"Datenschutzerkl\u00e4rung der Evangelisch-reformierten Kirchgemeinde Z\u00fcrich"},"content":{"rendered":"\n<h2 class=\"wp-block-heading\">1)&nbsp;&nbsp;Worum geht es in dieser Datenschutzerkl\u00e4rung?<\/h2>\n\n\n\n<p>Wir freuen uns \u00fcber Ihren Besuch auf unserer Webseite. Der Schutz Ihrer Daten ist uns sehr wichtig und wir nehmen ihn sehr ernst. Deshalb ist es f\u00fcr uns selbstverst\u00e4ndlich, dass wir verantwortungsvoll mit Ihren Daten umgehen und uns an die jeweils anwendbaren gesetzlichen Grundlagen halten. Die hier vorliegende Datenschutzerkl\u00e4rung regelt den Umgang der Evangelisch-reformierten Kirchgemeinde Z\u00fcrich mit Personendaten (nachfolgend Daten oder Personendaten). Unter Personendaten werden alle Angaben verstanden, die sich auf eine bestimmte oder bestimmbare Person beziehen. Sie erkl\u00e4ren sich durch den Zugriff auf unsere Website mit dieser Datenschutzerkl\u00e4rung einverstanden.<\/p>\n\n\n\n<h2 class=\"wp-block-heading\">2)&nbsp;&nbsp;Wer ist f\u00fcr die Bearbeitung Ihrer Daten verantwortlich und wie trete ich mit der Verantwortlichen in Kontakt?<\/h2>\n\n\n\n<p>Verantwortliche ist diejenige, die allein oder gemeinsam mit anderen \u00fcber die Zwecke und Mittel der Bearbeitung von Personendaten entscheidet. F\u00fcr die in dieser Datenschutzerkl\u00e4rung erw\u00e4hnten Datenbearbeitungen ist grunds\u00e4tzlich die Verantwortliche:<\/p>\n\n\n\n<p>Evangelisch-reformierte Kirchgemeinde Z\u00fcrich<br>Michela B\u00e4ssler<br>Stauffacherstrasse 8<br>8004 Z\u00fcrich<br>T: +41 43 322 15 30<\/p>\n\n\n\n<p>Datenschutz ist Vertrauenssache \u2013 und Ihr Vertrauen ist uns wichtig. Deshalb unternehmen wir alles, um Ihr Vertrauen in Sachen Datenschutz zu erlangen und zu behalten. Allf\u00e4llige Fragen oder Anfragen im Zusammenhang mit dieser Datenschutzerkl\u00e4rung k\u00f6nnen jederzeit per E-Mail an&nbsp;<a href=\"mailto:kirchgemeinde@reformiert-zuerich.ch\">kirchgemeinde@reformiert-zuerich.ch<\/a>&nbsp;gerichtet werden.<\/p>\n\n\n\n<p>Wir weisen Sie jedoch darauf hin, dass bei einer unverschl\u00fcsselten Kommunikation per E-Mail die vollst\u00e4ndige Datensicherheit auf dem \u00dcbertragungsweg zu unseren IT-Systemen von uns nicht gew\u00e4hrleistet werden kann, sodass wir bei Informationen mit hohem Geheimhaltungsbed\u00fcrfnis eine verschl\u00fcsselte Kommunikation oder den Postweg empfehlen. F\u00fcr den Postweg verwenden Sie bitte obengenannte Adresse.<\/p>\n\n\n\n<h2 class=\"wp-block-heading\">3)&nbsp;&nbsp;Wann, wie und zu welchem Zweck bearbeiten wir Ihre Personendaten?<\/h2>\n\n\n\n<p>Wir beachten bei allen Datenbearbeitungen den Grundsatz der Zweckm\u00e4ssigkeit und speichern und bearbeiten Ihre Personendaten ausschliesslich f\u00fcr die angegebenen Zwecke. F\u00fcr gewisse Dienstleistungen wie etwa den Newsletter, Anmeldungen f\u00fcr Veranstaltungen oder die Durchf\u00fchrung von Bewerbungsverfahren speichern wir die notwendigen Personendaten, um die entsprechenden Dienstleistungen erbringen zu k\u00f6nnen.<\/p>\n\n\n\n<p><strong>Kontaktaufnahme<\/strong><\/p>\n\n\n\n<p>Wenn Sie per E-Mail mit uns in Kontakt treten, bearbeiten wir Ihre E-Mail-Adresse, um die Kontaktaufnahme beantworten zu k\u00f6nnen.<\/p>\n\n\n\n<p>Wir weisen Sie darauf hin, dass bei einer unverschl\u00fcsselten Kommunikation per E-Mail die vollst\u00e4ndige Datensicherheit auf dem \u00dcbertragungsweg zu unseren IT-Systemen von uns nicht gew\u00e4hrleistet werden kann, sodass wir bei Informationen mit hohem Geheimhaltungsbed\u00fcrfnis eine verschl\u00fcsselte Kommunikation oder den Postweg empfehlen.<\/p>\n\n\n\n<p><strong>Kommentare<\/strong><\/p>\n\n\n\n<p>Wenn Sie Kommentare auf der Website schreiben, sammeln wir die Daten, die im Kommentar-Formular angezeigt werden, ausserdem die IP-Adresse des Besuchers und den User-Agent-String (damit wird der Browser identifiziert), um die Erkennung von Spam zu unterst\u00fctzen.<\/p>\n\n\n\n<p><strong>Cookies<\/strong><\/p>\n\n\n\n<p>Wenn Sie unsere Webseite besuchen, erheben wir Daten durch Cookies. Cookies sind kleine (Text-) Dateien, die auf Ihrem Computer oder mobilen Ger\u00e4t gespeichert werden, wenn Sie unsere Website nutzen. Cookies helfen uns, die Website nach Ihren Bed\u00fcrfnissen auszurichten. Sie erm\u00f6glichen uns, Ihren Browser beim n\u00e4chsten Besuch wiederzuerkennen und damit schneller die f\u00fcr Sie wichtigen Informationen bereitstellen zu k\u00f6nnen. Die Cookies f\u00fcgen Ihrem Rechner keinen Schaden zu, sondern dienen dazu, unser Angebot nutzerfreundlicher, effektiver und sicherer zu machen.<\/p>\n\n\n\n<p>Wenn Sie Cookies nicht m\u00f6chten, k\u00f6nnen Sie Ihren Browser so einstellen, dass Sie jeweils informiert werden, wenn Cookies auf Ihrem PC abgesetzt werden sollen, diese generell verbieten oder nur im Einzelfall erlauben. Die Deaktivierung von Cookies kann allerdings die Funktionalit\u00e4t der Webseite einschr\u00e4nken, sodass einige Dienstleistungen vielleicht nicht mehr wie gew\u00fcnscht funktionieren.<\/p>\n\n\n\n<p><\/p>\n\n\n\n<p><strong>Logfiles<\/strong><\/p>\n\n\n\n<p>Wir erheben Daten \u00fcber Nutzer:innen per Logfiles. Ein Logfile ist eine Datei, mit der Prozesse, die in Computern und Netzwerken ablaufen, aufgezeichnet werden. Logfiles sind wichtige Informationsquellen, um das Verhalten der Nutzer:innen von Website-Besucher:innen zu analysieren. Die vor\u00fcbergehende (automatisierte) Speicherung der Daten ist f\u00fcr den Ablauf eines Websitebesuchs erforderlich, um eine Auslieferung der Website zu erm\u00f6glichen. Die Speicherung und Bearbeitung der Personendaten erfolgt zudem zur Erhaltung der Kompatibilit\u00e4t unserer Internetseite f\u00fcr m\u00f6glichst alle Besucher und zur Missbrauchsbek\u00e4mpfung und St\u00f6rungsbeseitigung.<\/p>\n\n\n\n<p><strong>Hyperlinks<\/strong><\/p>\n\n\n\n<p>Auf unserer Website sind Hyperlinks zu anderen Websites enthalten, die durch uns nicht betrieben oder \u00fcberwacht werden. Wir sind f\u00fcr deren Inhalt und Umgang mit Personendaten nicht verantwortlich und empfehlen Ihnen, die dort geltenden Datenschutzerkl\u00e4rungen sorgf\u00e4ltig zu lesen. Grunds\u00e4tzlich sind die Verlinkungen angezeigt und f\u00fcr deren Nutzung ist ein separates Anklicken notwendig wie beispielsweise bei der Verlinkung zu Instagram oder LinkedIn.<\/p>\n\n\n\n<p><strong>Social Plugins<\/strong><\/p>\n\n\n\n<p>Alle eingebundenen Social-Plugins funktionieren \u00fcber das 2-Klick-Verfahren; das heisst, dass das Aufzeichnen Ihres Surfverhaltens durch ein Plugin erst dann startet, wenn Sie das entsprechende Plugin durch Anklicken \u00fcberhaupt erst aktivieren. Falls Sie gleichzeitig mit dem Besuch unserer Internetseite bspw. auch mit Ihrem Konto einer Social-Media-Plattform angemeldet sind, kann der Seitenbesuch nach der Aktivierung des Plugins (erster Klick) Ihrem Benutzerkonto zugeordnet werden. Die Bearbeitung Ihrer Personendaten erfolgt dann in Verantwortung dieses Betreibers nach dessen Datenschutzbestimmungen. Wir erhalten von ihm keine Angaben zu Ihnen.<\/p>\n\n\n\n<p><strong>Onlinepr\u00e4senz in sozialen Medien<\/strong><\/p>\n\n\n\n<p>Wir unterhalten Onlinepr\u00e4senzen innerhalb sozialer Netzwerke und Plattformen, um mit den dort aktiven Mitgliedern, Interessent:innen und Nutzer:innen kommunizieren und sie dort \u00fcber unsere Leistungen informieren zu k\u00f6nnen. Beim Aufruf der jeweiligen Netzwerke und Plattformen gelten die Gesch\u00e4ftsbedingungen und die Datenbearbeitungsrichtlinien der jeweiligen Betreiber.&nbsp;<\/p>\n\n\n\n<p>Soweit nicht anders im Rahmen unserer Datenschutzerkl\u00e4rung angegeben, bearbeiten wir die Daten der Nutzer:innen, sofern diese mit uns innerhalb der sozialen Netzwerke und Plattformen kommunizieren, z.B. Beitr\u00e4ge auf unseren Onlinepr\u00e4senzen verfassen oder uns Nachrichten zusenden.&nbsp;<\/p>\n\n\n\n<p><strong>Profiling<\/strong><\/p>\n\n\n\n<p>Wir bearbeiten Ihre Personendaten vereinzelt auch automatisiert mit dem Ziel, bestimmte pers\u00f6nliche Aspekte zu bewerten (Profiling). Wir bearbeiten Ihre Personendaten zudem, um Trends und Nutzerverhalten zu analysieren, um Missbrauchs- und Sicherheitsrisiken festzustellen, um statistische Auswertungen vorzunehmen und vor allem, um Ihnen ein personalisiertes und bestm\u00f6gliches Websiteerlebnis bieten zu k\u00f6nnen. Wir achten auf die Verh\u00e4ltnism\u00e4ssigkeit und Zuverl\u00e4ssigkeit der Ergebnisse und treffen Massnahmen gegen eine missbr\u00e4uchliche Verwendung eines Profiling. K\u00f6nnen diese Rechtswirkungen oder erhebliche Nachteile f\u00fcr Sie mit sich bringen, sehen wir grunds\u00e4tzlich eine manuelle \u00dcberpr\u00fcfung vor.<\/p>\n\n\n\n<h2 class=\"wp-block-heading\">4)&nbsp;&nbsp;Auf welche Rechtsgrundlagen st\u00fctzen wir uns bei der Datenbearbeitung?<\/h2>\n\n\n\n<p>Soweit wir Sie f\u00fcr bestimmte Bearbeitungen um Ihre Einwilligung bitten, informieren wir Sie gesondert \u00fcber die entsprechenden Zwecke der Bearbeitung. Einwilligungen k\u00f6nnen Sie jederzeit durch schriftliche Mitteilung (postalisch) oder, wo nicht anders angegeben oder vereinbart, per E-Mail an uns jederzeit mit Wirkung f\u00fcr die Zukunft widerrufen; unsere Kontaktangaben finden Sie in Ziffer 2. Sobald wir die Mitteilung \u00fcber den Widerruf Ihrer Einwilligung erhalten haben, werden wir Ihre Personendaten nicht mehr f\u00fcr die Zwecke bearbeiten, denen Sie urspr\u00fcnglich zugestimmt haben, es sei denn, wir haben eine andere Rechtsgrundlage daf\u00fcr. Durch den Widerruf Ihrer Einwilligung wird die Rechtm\u00e4ssigkeit der aufgrund der Einwilligung bis zum Widerruf erfolgten Bearbeitung nicht ber\u00fchrt.<\/p>\n\n\n\n<p>Wo wir Sie nicht um Ihre Einwilligung f\u00fcr eine Bearbeitung bitten, st\u00fctzen wir die Bearbeitung Ihrer Personendaten darauf, dass die Bearbeitung f\u00fcr die Anbahnung oder Abwicklung eines Vertrags mit Ihnen (oder der von Ihnen vertretenen Stelle) erforderlich ist oder dass wir oder Dritte ein berechtigtes Interesse daran haben, so insbesondere um die vorstehend unter Ziffer 3 beschriebenen Zwecke und damit verbundenen Ziele zu verfolgen und entsprechende Massnahmen durchf\u00fchren zu k\u00f6nnen. Weiter k\u00f6nnen wir uns f\u00fcr gewisse Datenbearbeitungen auch auf gesetzliche Grundlagen st\u00fctzen, z.B. \u00a7 15 des Kirchengesetzes des Kantons Z\u00fcrich (180.1) und Art. 23 der Kirchenordnung der Evangelisch-reformierten Landeskirche des Kantons Z\u00fcrich (181.10). Zu unseren berechtigten Interessen geh\u00f6rt auch die Einhaltung von gesetzlichen Vorschriften.<\/p>\n\n\n\n<p>Wenn wir sensible Personendaten erhalten (z.B. Gesundheitsdaten, Angaben zu politischen, religi\u00f6sen oder weltanschaulichen Ansichten oder biometrische Daten zur Identifikation), k\u00f6nnen wir Ihre Daten auch gest\u00fctzt auf andere Rechtsgrundlagen bearbeiten, z.B. im Falle von Auseinandersetzungen aufgrund der Notwendigkeit der Bearbeitung f\u00fcr einen etwaigen Prozess oder die Durchsetzung oder Abwehr von Rechtsanspr\u00fcchen. In Einzelf\u00e4llen k\u00f6nnen andere Rechtsgr\u00fcnde zum Tragen kommen, was wir Ihnen soweit erforderlich separat kommunizieren.<\/p>\n\n\n\n<h2 class=\"wp-block-heading\">5)&nbsp;&nbsp;Wie sch\u00fctzen wir Ihre Daten?<\/h2>\n\n\n\n<p>Ihre uns zur Verf\u00fcgung gestellten Personendaten werden durch Ergreifung geeigneter technischer sowie organisatorischer Sicherheitsmassnahmen so gesichert, dass sie f\u00fcr den Zugriff unberechtigter Dritter unzug\u00e4nglich und vor Missbrauch gesch\u00fctzt sind.<\/p>\n\n\n\n<p>Wir weisen Sie jedoch darauf hin, dass bei einer unverschl\u00fcsselten Kommunikation per E-Mail die vollst\u00e4ndige Datensicherheit auf dem \u00dcbertragungsweg zu unseren IT-Systemen von uns nicht gew\u00e4hrleistet werden kann, sodass wir bei Informationen mit hohem Geheimhaltungsbed\u00fcrfnis eine verschl\u00fcsselte Kommunikation oder den Postweg empfehlen (vgl. Ziffer 2).<\/p>\n\n\n\n<h2 class=\"wp-block-heading\">6)&nbsp;&nbsp;Wie lange bearbeiten wir Ihre Personendaten?<\/h2>\n\n\n\n<p>Wir bearbeiten und speichern Ihre Personendaten, solange es f\u00fcr die genannten Zwecke nach dieser Datenschutzerkl\u00e4rung jeweils erforderlich ist. Wir k\u00f6nnen die Personendaten unter Umst\u00e4nden zudem aufbewahren, solange dies zur Einhaltung rechtlicher Vorgaben erforderlich ist oder wenn wir ein berechtigtes Interesse an der Speicherung haben, z.B. zu Dokumentations- und Beweissicherungszwecken und zur Wahrung und Verteidigung von Rechtsanspr\u00fcchen. Sobald Ihre Personendaten f\u00fcr die oben genannten Zwecke nicht mehr erforderlich sind, werden sie grunds\u00e4tzlich und soweit m\u00f6glich gel\u00f6scht oder anonymisiert.<\/p>\n\n\n\n<h2 class=\"wp-block-heading\">7)&nbsp;&nbsp;Geben wir Ihre Daten an Dritte bekannt?<\/h2>\n\n\n\n<p>Mit Ausnahme der Daten, welche durch die Benutzung der auf unserer Website eingebundenen Dienste und Inhalte Dritter (vgl. die entsprechenden Kapitel bei Ziffer 3 z.B. Kapitel Social Plugins) an diese gesendet werden, geben wir die von Ihnen durch den Besuch der Website erhobenen Daten an keine Dritten weiter es sei denn wir sind aufgrund zwingender Rechtsvorschriften (z.B. gerichtliche Verf\u00fcgung) oder zum Zweck der Rechts- oder Strafverfolgung (z.B. bei Angriffen auf die Netzinfrastruktur) dazu verpflichtet.<\/p>\n\n\n\n<h2 class=\"wp-block-heading\">8)&nbsp;&nbsp;Welche Rechte haben Sie?<\/h2>\n\n\n\n<p>Sie haben im Rahmen des auf Sie anwendbaren Datenschutzrechts und soweit darin vorgesehen das Recht auf Auskunft, Berichtigung, Vervollst\u00e4ndigung, L\u00f6schung, das Recht auf Einschr\u00e4nkung der Datenbearbeitung, Widerspruch gegen unsere Datenbearbeitungen sowie auf Herausgabe gewisser Personendaten zwecks \u00dcbertragung an eine andere Stelle (sog. Datenportabilit\u00e4t).<\/p>\n\n\n\n<p>Die Aus\u00fcbung solcher Rechte setzt in der Regel voraus, dass Sie Ihre Identit\u00e4t eindeutig nachweisen (z.B. durch eine Ausweiskopie).<\/p>\n\n\n\n<p>Sie haben das Recht, jederzeit unentgeltlich Auskunft \u00fcber die zu Ihrer Person gespeicherten Personendaten zu erhalten. Ihnen werden in jedem Fall folgende Informationen mitgeteilt: Identit\u00e4t und Kontaktdaten der Verantwortlichen, bearbeitete Personendaten als solche, Bearbeitungszweck, Aufbewahrungsdauer oder die Kriterien zur Festlegung dieser Dauer, verf\u00fcgbare Informationen \u00fcber die Herkunft der Personendaten sowie die Empf\u00e4nger:innen Ihrer Personendaten.<\/p>\n\n\n\n<p>Sofern wir f\u00fcr eine Datenbearbeitung ihre Einwilligung von Ihnen einholen mussten, d\u00fcrfen Sie diese jederzeit mit Wirkung f\u00fcr die Zukunft widerrufen. Bitte beachten Sie, dass die Rechtm\u00e4ssigkeit der aufgrund der Einwilligung bis zum Widerruf erfolgten Bearbeitung hierdurch nicht ber\u00fchrt wird.<\/p>\n\n\n\n<p>Bitte beachten Sie aber, dass wir uns vorbehalten, unsererseits die gesetzlich vorgesehenen Einschr\u00e4nkungen geltend zu machen, etwa wenn wir zur Aufbewahrung oder Bearbeitung gewisser Daten verpflichtet sind, daran ein \u00fcberwiegendes Interesse haben (soweit wir uns darauf berufen d\u00fcrfen) oder sie f\u00fcr die Geltendmachung von Anspr\u00fcchen ben\u00f6tigen.<\/p>\n\n\n\n<p>Ihre Anfragen richten Sie bitte postalisch oder per E-Mail an unsere Adresse (siehe Ziffer 2).<\/p>\n\n\n\n<h2 class=\"wp-block-heading\">9)&nbsp;&nbsp;Haftungsausschluss<\/h2>\n\n\n\n<p>Wir erstellen unsere Webseite und unseren Newsletter und die darin enthaltenen Informationen mit gr\u00f6sstm\u00f6glicher Sorgfalt. Alle Informationen auf der Webseite erfolgen ohne Gew\u00e4hr f\u00fcr ihre Richtigkeit. Wir \u00fcbernehmen keine Haftung f\u00fcr die Verwendung der Webseite und des Newsletters und der darin enthaltenen Informationen.<\/p>\n\n\n\n<p>Wir \u00fcbernehmen auch keine Haftung f\u00fcr die Inhalte anderer Webseiten, die Sie \u00fcber Hyperlinks besuchen k\u00f6nnen oder von denen aus auf diese Webseite hingewiesen wird. Hierbei handelt es sich um fremde Angebote, auf deren inhaltliche Gestaltung wir keinen Einfluss haben und f\u00fcr die wir nicht verantwortlich sind.<\/p>\n\n\n\n<h2 class=\"wp-block-heading\">10)&nbsp;&nbsp;\u00c4nderung der Datenschutzerkl\u00e4rung<\/h2>\n\n\n\n<p>Wir behalten uns das Recht vor, diese Datenschutzerkl\u00e4rung oder Teile davon jederzeit nach eigenem Ermessen abzu\u00e4ndern oder zu modifizieren. Es gilt die jeweils aktuelle, auf unserer Website publizierte Fassung.<\/p>\n\n\n\n<p><\/p>\n","protected":false},"excerpt":{"rendered":"<p>1)&nbsp;&nbsp;Worum geht es in dieser Datenschutzerkl\u00e4rung? Wir freuen uns \u00fcber Ihren Besuch auf unserer Webseite. Der Schutz Ihrer Daten ist uns sehr wichtig und wir nehmen ihn sehr ernst. Deshalb ist es f\u00fcr uns selbstverst\u00e4ndlich, dass wir verantwortungsvoll mit Ihren Daten umgehen und uns an die jeweils anwendbaren gesetzlichen Grundlagen halten. Die hier vorliegende Datenschutzerkl\u00e4rung [&hellip;]<\/p>\n","protected":false},"author":1,"featured_media":0,"parent":0,"menu_order":0,"comment_status":"closed","ping_status":"closed","template":"","meta":{"footnotes":""},"class_list":["post-6","page","type-page","status-publish","hentry"],"_links":{"self":[{"href":"https:\/\/impulse2u.ch\/index.php?rest_route=\/wp\/v2\/pages\/6","targetHints":{"allow":["GET"]}}],"collection":[{"href":"https:\/\/impulse2u.ch\/index.php?rest_route=\/wp\/v2\/pages"}],"about":[{"href":"https:\/\/impulse2u.ch\/index.php?rest_route=\/wp\/v2\/types\/page"}],"author":[{"embeddable":true,"href":"https:\/\/impulse2u.ch\/index.php?rest_route=\/wp\/v2\/users\/1"}],"replies":[{"embeddable":true,"href":"https:\/\/impulse2u.ch\/index.php?rest_route=%2Fwp%2Fv2%2Fcomments&post=6"}],"version-history":[{"count":4,"href":"https:\/\/impulse2u.ch\/index.php?rest_route=\/wp\/v2\/pages\/6\/revisions"}],"predecessor-version":[{"id":1201,"href":"https:\/\/impulse2u.ch\/index.php?rest_route=\/wp\/v2\/pages\/6\/revisions\/1201"}],"wp:attachment":[{"href":"https:\/\/impulse2u.ch\/index.php?rest_route=%2Fwp%2Fv2%2Fmedia&parent=6"}],"curies":[{"name":"wp","href":"https:\/\/api.w.org\/{rel}","templated":true}]}}