{"id":19,"date":"2025-03-03T11:21:53","date_gmt":"2025-03-03T10:21:53","guid":{"rendered":"https:\/\/impulse2u.ch\/?page_id=19"},"modified":"2026-04-25T23:37:26","modified_gmt":"2026-04-25T21:37:26","slug":"unser-projekt","status":"publish","type":"page","link":"https:\/\/impulse2u.ch\/?page_id=19","title":{"rendered":"Das Projekt"},"content":{"rendered":"\n<p style=\"border-top-left-radius:0px;border-top-right-radius:0px;border-bottom-left-radius:0px;border-bottom-right-radius:0px;padding-top:0;padding-bottom:0\">Im Rahmen unseres Jahresthemas \u00abBilder\u00bb wechseln wir die Perspektiven.&nbsp;&nbsp;&nbsp;&nbsp;&nbsp;&nbsp;&nbsp;&nbsp;&nbsp;&nbsp;&nbsp;&nbsp;&nbsp;<\/p>\n\n\n\n<p>Das t\u00e4glich wechselnde \u00abBild des Tages\u00bb zeigt Blicke und Perspektiven auf von Menschen, die dem Kirchenkreis zwei verbunden sind \u2013 \u00fcberraschend, fokussiert, ber\u00fchrend, weit oder einfach nur wohltuend sch\u00f6n.<\/p>\n\n\n\n<div class=\"wp-block-columns are-vertically-aligned-center is-layout-flex wp-container-core-columns-is-layout-28f84493 wp-block-columns-is-layout-flex\">\n<div class=\"wp-block-column is-vertically-aligned-center is-layout-flow wp-block-column-is-layout-flow\" style=\"flex-basis:100%\">\n<blockquote class=\"wp-block-quote is-style-plain is-layout-flow wp-block-quote-is-layout-flow is-style-plain--1\">\n<pre class=\"wp-block-verse has-text-align-center\">\"<em>Was wir im Auge haben, das pr\u00e4gt uns,<\/em><br><em>dahinein werden wir verwandelt.<\/em><br><em>Und wir kommen, wohin wir schauen.\u201c<\/em> <br><em><sub>Heinrich Spaemann<\/sub><\/em><\/pre>\n<\/blockquote>\n<\/div>\n<\/div>\n\n\n\n<p>Bilder pr\u00e4gen unsere Wahrnehmung der Welt oft mehr als andere Sinneseindr\u00fccke. Um so wichtiger ist es, dass wir auch hier aufnehmen, was uns wohl tut. W\u00e4hrend dieses Jahres wollen wir darum unsere Aufmerksamkeit neu ausrichten: Unseren Blick weiten, auf die kleinen Dinge schauen, auf das, womit wir uns besch\u00e4ftigen, Farben, Licht, Unerwartetes oder Freches \u2013 damit einen Moment innehalten und durchatmen.<\/p>\n\n\n\n<p><\/p>\n\n\n\n<p style=\"line-height:1.7\">Kommen Sie mit uns durch das Jahr mit neuen Perspektiven!<\/p>\n\n\n\n<p style=\"font-style:normal;font-weight:400;line-height:1.4\"><strong>Schicken Sie uns gerne Ihr \u00abBild des Tages\u00bb und sagen Sie uns, was Sie damit verbinden!<\/strong><\/p>\n\n\n\n<p style=\"line-height:1.7\">Wir w\u00e4hlen jeweils eines zur Ver\u00f6ffentlichung aus.<\/p>\n\n\n\n<p style=\"font-style:normal;font-weight:400;line-height:1.4\"><strong>Kontakt und Adresse f\u00fcr Einsendungen:<\/strong> <strong><a href=\"mailto:anja.hirt@reformiert-zuerich.ch\">anja.hirt@reformiert-zuerich.ch<\/a><\/strong><\/p>\n\n\n\n<p style=\"font-style:normal;font-weight:400;line-height:1.7\"><\/p>\n\n\n\n<p class=\"has-text-align-center\">*<\/p>\n\n\n\n<div class=\"wp-block-group is-layout-flow wp-block-group-is-layout-flow\">\n<p class=\"is-style-text-display has-medium-font-size is-style-text-display--2\" style=\"font-style:normal;font-weight:300\">Wir respektieren das Recht am eigenen Bild! Bitte beachten Sie, dass wir Fotos von Menschen nur mit deren ausdr\u00fccklicher Erlaubnis ver\u00f6ffentlichen.<\/p>\n\n\n\n<p class=\"has-medium-font-size\" style=\"font-style:normal;font-weight:300\">F\u00fcr eingesandte Fotos und Kommentare gehen wir davon aus, dass wir diese (gegebenenfalls redaktionell bearbeitet) auch ver\u00f6ffentlichen d\u00fcrfen. Bitte geben Sie in der eMail an, ob wir Ihren vollen Namen oder ein K\u00fcrzel verwenden sollen. Maximale Bildgr\u00f6sse: 2 MB<\/p>\n<\/div>\n\n\n\n<p><\/p>\n","protected":false},"excerpt":{"rendered":"<p>Im Rahmen unseres Jahresthemas \u00abBilder\u00bb wechseln wir die Perspektiven.&nbsp;&nbsp;&nbsp;&nbsp;&nbsp;&nbsp;&nbsp;&nbsp;&nbsp;&nbsp;&nbsp;&nbsp;&nbsp; Das t\u00e4glich wechselnde \u00abBild des Tages\u00bb zeigt Blicke und Perspektiven auf von Menschen, die dem Kirchenkreis zwei verbunden sind \u2013 \u00fcberraschend, fokussiert, ber\u00fchrend, weit oder einfach nur wohltuend sch\u00f6n. &#171;Was wir im Auge haben, das pr\u00e4gt uns,dahinein werden wir verwandelt.Und wir kommen, wohin wir schauen.\u201c Heinrich [&hellip;]<\/p>\n","protected":false},"author":3,"featured_media":0,"parent":0,"menu_order":0,"comment_status":"closed","ping_status":"closed","template":"","meta":{"footnotes":""},"class_list":["post-19","page","type-page","status-publish","hentry"],"_links":{"self":[{"href":"https:\/\/impulse2u.ch\/index.php?rest_route=\/wp\/v2\/pages\/19","targetHints":{"allow":["GET"]}}],"collection":[{"href":"https:\/\/impulse2u.ch\/index.php?rest_route=\/wp\/v2\/pages"}],"about":[{"href":"https:\/\/impulse2u.ch\/index.php?rest_route=\/wp\/v2\/types\/page"}],"author":[{"embeddable":true,"href":"https:\/\/impulse2u.ch\/index.php?rest_route=\/wp\/v2\/users\/3"}],"replies":[{"embeddable":true,"href":"https:\/\/impulse2u.ch\/index.php?rest_route=%2Fwp%2Fv2%2Fcomments&post=19"}],"version-history":[{"count":23,"href":"https:\/\/impulse2u.ch\/index.php?rest_route=\/wp\/v2\/pages\/19\/revisions"}],"predecessor-version":[{"id":1388,"href":"https:\/\/impulse2u.ch\/index.php?rest_route=\/wp\/v2\/pages\/19\/revisions\/1388"}],"wp:attachment":[{"href":"https:\/\/impulse2u.ch\/index.php?rest_route=%2Fwp%2Fv2%2Fmedia&parent=19"}],"curies":[{"name":"wp","href":"https:\/\/api.w.org\/{rel}","templated":true}]}}